{"id":12,"date":"2018-07-18T15:22:19","date_gmt":"2018-07-18T18:22:19","guid":{"rendered":"https:\/\/estradodeborracha.lojaodaborracha.com.br\/index.php\/one-page-express\/"},"modified":"2023-01-13T17:08:32","modified_gmt":"2023-01-13T20:08:32","slug":"one-page-express","status":"publish","type":"page","link":"https:\/\/pisotatil.casadaborracha.net.br\/","title":{"rendered":"Front Page"},"content":{"rendered":"<div  id=\"overlapable-2\" style=\"background-color: #ffffff;\" data-label=\"Overlapable\" data-id=\"stripped-coloured-icon-boxes\" data-category=\"overlapable\" class=\"features-coloured-icon-boxes-section\" data-overlap=\"true\">\n<div  class=\"gridContainer\">\n<div  class=\"features-coloured-icon-boxes-innerrow flexbox-list dark-text\" data-type=\"row\">\n<div  class=\"features-coloured-icon-boxes-featurecol cp3cols\">\n<div  class=\"features-coloured-icon-boxes-iconcontainer\" data-content-item-container=\"true\"> <i  data-cp-fa=\"true\" class=\"features-coloured-icon fa fa-industry\"><\/i> <\/div>\n<h4  class=\"\">Fabrica\u00e7\u00e3o pr\u00f3pria<\/h4>\n<p  class=\"\">Aqui voc\u00ea encontra grande estoque e uma equipe de consultores solid\u00e1rios para lhe atender em tempo e garantir o suscesso do seu projeto.<\/p>\n<\/div>\n<div  class=\"features-coloured-icon-boxes-featurecol cp3cols\">\n<div  class=\"features-coloured-icon-boxes-iconcontainer\" data-content-item-container=\"true\"> <i  data-cp-fa=\"true\" class=\"features-coloured-icon fa fa-blind\"><\/i> <\/div>\n<h4  class=\"\">Atende as normas<\/h4>\n<p  class=\"\">De acordo com a norma ABNT NBR 9050:2004, as edifica\u00e7\u00f5es e os espa\u00e7os urbanos devem contar com sinaliza\u00e7\u00f5es t\u00e1teis no piso, sim atendemos.<\/p>\n<\/div>\n<div  class=\"features-coloured-icon-boxes-featurecol cp3cols\">\n<div  class=\"features-coloured-icon-boxes-iconcontainer\" data-content-item-container=\"true\"> <i  data-cp-fa=\"true\" class=\"features-coloured-icon fa fa-bar-chart-o\"><\/i> <\/div>\n<h4  class=\"\">Alta qualidade<\/h4>\n<p  class=\"\">\nComposto com placas &nbsp;antiderrapantes, os pisos possuem uma composi\u00e7\u00e3o de alta qualidade e durabilidade.&nbsp;Venha conhecer.<\/p>\n<\/div>\n<div  class=\"features-coloured-icon-boxes-featurecol cp3cols\">\n<div  class=\"features-coloured-icon-boxes-iconcontainer\" data-content-item-container=\"true\"> <i  data-cp-fa=\"true\" class=\"features-coloured-icon fa fa-check\"><\/i> <\/div>\n<h4  class=\"\">Realiza instala\u00e7\u00e3o<\/h4>\n<p  class=\"\">Nossa empresa lhe atende da fabrican\u00e7\u00e3o a instala\u00e7\u00e3o, com profissionais s\u00e9rios e solid\u00e1rios seu projeto est\u00e1 em boas m\u00e3os, entre em contato.<\/p>\n<\/div>\n<\/div>\n<\/div>\n<\/div><div  id=\"about-1\" style=\"background-color: #f6f6f6;\" data-label=\"About\" data-id=\"about-big-images-section\" data-category=\"about\" class=\"about-big-images-section\">\n<div  class=\"gridContainer\">\n<div  class=\"about-big-images-textrow\">\n<div  class=\"about-big-images-textcol dynamic-color\" data-type=\"column\">\n<h5  class=\"\">know-how de mais de 40 anos<\/h5>\n<h3  class=\"\">O Loj\u00e3o da borracha&nbsp;<span  href=\"#\" class=\"span25\">tem a experi\u00eancia que voc\u00ea precisa para<\/span>&nbsp;atender seu projeto no prazo com produtos de alta qualidade\n<\/h3>\n<p  class=\"\">Com dois endere\u00e7os em Joinville SC atendemos todo o Brasil<\/p>\n<a class=\"button blue\" href=\"https:\/\/wa.me\/5547988772906?text=pisotatil.casadaborracha.net.br%20oi...\" target=\"_self\" rel=\"noopener\">Fale com nossos consultores agora mesmo!<\/a><\/div>\n<\/div>\n<\/div>\n<div  class=\"about-big-images-bottomrow\">\n<div  class=\"about-big-images-leftimgcol\"><img decoding=\"async\"  class=\"about-big-images-leftimg\" src=\"https:\/\/estradodeborracha.lojaodaborracha.com.br\/wp-content\/uploads\/2018\/07\/foto-3-logistica-lojao-da-borracha.jpg\"> <\/div>\n<div  class=\"about-big-images-centerimgcol\"><img decoding=\"async\"  class=\"about-big-images-centerimg\" src=\"https:\/\/estradodeborracha.lojaodaborracha.com.br\/wp-content\/uploads\/2018\/07\/foto-4-logistica-lojao-da-borracha.jpg\"> <\/div>\n<div  class=\"about-big-images-rightimgcol\"><img decoding=\"async\"  class=\"about-big-images-rightimg\" src=\"https:\/\/estradodeborracha.lojaodaborracha.com.br\/wp-content\/uploads\/2018\/07\/foto-5-logistica-lojao-da-borracha.jpg\"> <\/div>\n<\/div>\n<\/div><div  id=\"content-3\" style=\"background-color: #ffffff;\" data-label=\"Content\" data-id=\"content-image-left\" data-category=\"content\" class=\"content-left-image-section\">\n<div  class=\"gridContainer\">\n<div  class=\"row\">\n<div  class=\"content-left-image-imgcol\" data-type=\"column\"> <img decoding=\"async\"  src=\"https:\/\/estradodeborracha.lojaodaborracha.com.br\/wp-content\/uploads\/2018\/07\/foto-6-logistica-lojao-da-borracha.jpg\" class=\"\"> <\/div>\n<div  class=\"content-left-image-textcol dynamic-color\" data-type=\"column\">\n<h2  class=\"\">Fique tranquilo mantemos piso t\u00e1til em estoque<\/h2>\n<p  class=\"large_text\">Tamb\u00e9m conhecido como Podot\u00e1til, onde podo vem de p\u00e9 e t\u00e1til vem de tato\/sentido, \u00e9 utilizado para auxiliar a locomo\u00e7\u00e3o de pessoas portadoras de defici\u00eancia visual.<\/p>\n<\/div>\n<\/div>\n<\/div>\n<\/div><div  id=\"portfolio-2\" style=\"background-color: #ffffff;\" data-label=\"Portfolio\" data-id=\"portfolio-full-section\" data-category=\"portfolio\">\n<div  class=\"portfolio-full-section\" data-type=\"row\">\n<div  class=\"portfolio-full-projectco cp4cols cp4cols-tablet\">\n<div  class=\"contentswap-effect ContentSwap103\" hover-fx=\"ContentSwap103\" id=\"ContentSwap103\">\n<div  class=\"ContentSwap103_content initial-image\"><img decoding=\"async\"  class=\"portfolio-full-projectimg\" data-size=\"1200x800\" src=\"https:\/\/pisotatil.casadaborracha.net.br\/wp-content\/uploads\/2018\/08\/cropped-Foto-piso-ta\u0301til-instalado-em-terminal-ferrovia\u0301rio.jpg\"> <\/div>\n<div  class=\"overlay\" style=\"display: block; opacity: 1;\"><\/div>\n<div  class=\"swap-inner\" style=\"opacity: 1; display: block;\">\n<div  class=\"ContentSwap103-center\">\n<h4  class=\"protfolio-full-itemtitle\">SIM ATENDE NORMAS T\u00c9CNICAS<\/h4>\n<\/div>\n<\/div>\n<\/div>\n<\/div>\n<div  class=\"portfolio-full-projectco cp4cols cp4cols-tablet\">\n<div  class=\"contentswap-effect ContentSwap103\" hover-fx=\"ContentSwap103\" id=\"ContentSwap103\" is-hovered=\"1\">\n<div  class=\"ContentSwap103_content initial-image\"><img decoding=\"async\"  class=\"portfolio-full-projectimg\" data-size=\"1200x800\" src=\"https:\/\/pisotatil.casadaborracha.net.br\/wp-content\/uploads\/2018\/08\/piso-tatil-alerta-direcional-instalado-calcada-ao-lado-rua-pavimentada.jpg\"> <\/div>\n<div  class=\"overlay\" style=\"display: block; opacity: 1;\"><\/div>\n<div  class=\"swap-inner\" style=\"opacity: 1; display: block;\">\n<div  class=\"ContentSwap103-center\">\n<h4  class=\"protfolio-full-itemtitle\">ENTREGAM EM TODO BRASIL<\/h4>\n<\/div>\n<\/div>\n<\/div>\n<\/div>\n<div  class=\"portfolio-full-projectco cp4cols cp4cols-tablet\">\n<div  class=\"contentswap-effect ContentSwap103\" hover-fx=\"ContentSwap103\" id=\"ContentSwap103\" is-hovered=\"1\">\n<div  class=\"ContentSwap103_content initial-image\"><img decoding=\"async\"  class=\"portfolio-full-projectimg\" data-size=\"1200x800\" src=\"https:\/\/pisotatil.casadaborracha.net.br\/wp-content\/uploads\/2018\/08\/cropped-foto-piso-tatil-alerta-direcional-instalado.jpg\"> <\/div>\n<div  class=\"overlay\" style=\"display: block; opacity: 1;\"><\/div>\n<div  class=\"swap-inner\" style=\"opacity: 1; display: block;\">\n<div  class=\"ContentSwap103-center\">\n<h4  class=\"protfolio-full-itemtitle\">EQUIPE COMERCIAL COMPROMETIDA<\/h4>\n<\/div>\n<\/div>\n<\/div>\n<\/div>\n<\/div>\n<\/div><div  id=\"instalacao\" style=\"background-color: #f6f6f6;\" data-label=\"Instalacao\" data-id=\"content-image-right\" data-category=\"content\" class=\"content-right-image-section\">\n<div  class=\"gridContainer\">\n<div  class=\"content-right-image-gridcol\">\n<div  class=\"content-right-image-textcol dynamic-color\" data-type=\"column\">\n<h2  class=\"\">Instala\u00e7\u00e3o adequada<\/h2>\n<p  class=\"large_text\">De acordo com a norma, as edifica\u00e7\u00f5es e os espa\u00e7os urbanos devem contar com sinaliza\u00e7\u00f5es t\u00e1teis no piso. Estas sinaliza\u00e7\u00f5es, devem ser de cor contrastante com o piso adjacente, para orientar as pessoas com defici\u00eancia visual ou com baixa vis\u00e3o. Tamb\u00e9m conhecido como Podot\u00e1til, onde podo vem de p\u00e9 e t\u00e1til vem de tato\/sentido, \u00e9 utilizado para auxiliar a locomo\u00e7\u00e3o de pessoas portadoras de defici\u00eancia visual.\n<br >Composto com placas de borracha antiderrapantes, o piso direcional possui superf\u00edcies de relevo que garantem acessibilidade e orientam o percurso no ambiente em que est\u00e1 instalado. Assim, o deficiente visual pode se guiar sem correr o risco de perder o caminho ou escorregar no piso.<\/p>\n\n<a class=\"button blue\" href=\"https:\/\/wa.me\/5547988772906?text=pisotatil.casadaborracha.net.br%20oi...\" target=\"_self\" rel=\"noopener noreferrer\">D\u00daVIDAS FALE CONOSCO<\/a><\/div>\n<div  class=\"content-right-image-imgcol\" data-type=\"column\"> <img decoding=\"async\"  src=\"https:\/\/pisotatil.casadaborracha.net.br\/wp-content\/uploads\/2018\/08\/piso-tatil-foto-grande-lb-borrachas-lojao-da-borracha-casa-da-borracha-joinville-otm-2-2.jpg\" class=\"\"> <\/div>\n<\/div>\n<\/div>\n<\/div><div  id=\"numeros\" data-label=\"Numeros\" data-id=\"numbers-section\" data-category=\"numbers\" data-bg=\"transparent\" class=\"numbers-section\" data-parallax-depth=\"20\">\n<div  class=\"gridContainer dynamic-color\">\n<div  class=\"numbers-itemcol\">\n<h2  class=\"numbers-numbertext\">+5.000<\/h2>\n<h3  class=\"numbers-titletext\">CLIENTES ATENDIDOS\n<\/h3>\n<\/div>\n<div  class=\"numbers-itemcol\">\n<h2  class=\"numbers-numbertext\">+75.000<\/h2>\n<h3  class=\"numbers-titletext\">PRODUTOS ENTREGUES<\/h3>\n<\/div>\n<div  class=\"numbers-itemcol-last\">\n<h2  class=\"numbers-numbertext\">+1.500<\/h2>\n<h3  class=\"numbers-titletext\">PRODUTOS EM ESTOQUE<\/h3>\n<\/div>\n<\/div>\n<\/div><div  id=\"blog\" style=\"background-color: #ffffff;\" data-label=\"Blog\" data-id=\"blog-section\" data-category=\"latest_news\" class=\"blog-section\">\n<div  class=\"gridContainer\">\n<div  class=\"blog-textrow\">\n<div  class=\"blog-textcol dynamic-color\" data-type=\"column\">\n<h2  class=\"\">\u00daltimas do blog\n<\/h2>\n<p  class=\"\">Peri\u00f3dicamente publicamos informa\u00e7\u00f5es, not\u00edcias e promo\u00e7\u00f5es em nosso blog, participe; inscreva-se em nossa newsletter e receba em primeira m\u00e3o mensalmente as novidades.<\/p>\n<\/div>\n<\/div>\n<div  class=\"blog-postsrow dark-text\" data-type=\"row\" data-dynamic-columns=\"one_page_express_latest_news_columns\" data-content-shortcode=\"one_page_express_latest_news\">\t\t\t<div id=\"post-1\" class=\"blog-postcol cp4cols\">\n\t\t\t<div class=\"post-content\">\n\t\t\t\t\t\t\t\t\t<a class=\"post-list-item-thumb\" href=\"https:\/\/pisotatil.casadaborracha.net.br\/index.php\/2018\/07\/18\/piso-tatil-podotatil-alerta-e-direcional-acessibilidade-tire-suas-duvidas-antes-de-comprar.html\">\n\t\t\t\t\t\t<img loading=\"lazy\" decoding=\"async\" width=\"1024\" height=\"581\" src=\"https:\/\/pisotatil.casadaborracha.net.br\/wp-content\/uploads\/2018\/08\/piso-tatil-foto-grande-lb-borrachas-lojao-da-borracha-casa-da-borracha-joinville-otm-2-1024x581.jpg\" class=\"attachment-post-thumbnail size-post-thumbnail wp-post-image\" alt=\"\" srcset=\"https:\/\/pisotatil.casadaborracha.net.br\/wp-content\/uploads\/2018\/08\/piso-tatil-foto-grande-lb-borrachas-lojao-da-borracha-casa-da-borracha-joinville-otm-2-1024x581.jpg 1024w, https:\/\/pisotatil.casadaborracha.net.br\/wp-content\/uploads\/2018\/08\/piso-tatil-foto-grande-lb-borrachas-lojao-da-borracha-casa-da-borracha-joinville-otm-2-300x170.jpg 300w, https:\/\/pisotatil.casadaborracha.net.br\/wp-content\/uploads\/2018\/08\/piso-tatil-foto-grande-lb-borrachas-lojao-da-borracha-casa-da-borracha-joinville-otm-2-768x435.jpg 768w, https:\/\/pisotatil.casadaborracha.net.br\/wp-content\/uploads\/2018\/08\/piso-tatil-foto-grande-lb-borrachas-lojao-da-borracha-casa-da-borracha-joinville-otm-2-1905x1080.jpg 1905w, https:\/\/pisotatil.casadaborracha.net.br\/wp-content\/uploads\/2018\/08\/piso-tatil-foto-grande-lb-borrachas-lojao-da-borracha-casa-da-borracha-joinville-otm-2.jpg 2000w\" sizes=\"auto, (max-width: 1024px) 100vw, 1024px\" \/>\t\t\t\t\t<\/a>\n\t\t\t\t\t\t\t\t<div class=\"row_345\">\n\t\t\t\t\t<h3 class=\"blog-title\">\n\t\t\t\t\t\t<a href=\"https:\/\/pisotatil.casadaborracha.net.br\/index.php\/2018\/07\/18\/piso-tatil-podotatil-alerta-e-direcional-acessibilidade-tire-suas-duvidas-antes-de-comprar.html\" rel=\"bookmark\">\n\t\t\t\t\t\t\tPiso T\u00e1til Alerta e Direcional (Acessibilidade) tire suas d\u00favidas antes de comprar\t\t\t\t\t\t<\/a>\n\t\t\t\t\t<\/h3>\n\t\t\t\t\t<p>Entenda por que deve ser utilizado o piso t\u00e1til, o que \u00e9, para que serve, como aplicar e onde encontrar: Acessibilidade \u00e9 a capacidade de um ambiente, produto ou servi\u00e7o[&hellip;]<\/p>\n\t\t\t\t\t<a class=\"button blue small\" href=\"https:\/\/pisotatil.casadaborracha.net.br\/index.php\/2018\/07\/18\/piso-tatil-podotatil-alerta-e-direcional-acessibilidade-tire-suas-duvidas-antes-de-comprar.html\">\n\t\t\t\t\t\t<span data-theme=\"one_page_express_latest_news_read_more\">Read more<\/span>\n\t\t\t\t\t<\/a>\n\t\t\t\t\t<hr class=\"blog-separator\">\n<div class=\"post-header\">\n    <i class=\"font-icon-post fa fa-user\"><\/i>\n    <a href=\"https:\/\/pisotatil.casadaborracha.net.br\/author\/casadaborracha\" title=\"Posts de casadaborracha\" rel=\"author\">casadaborracha<\/a>    <i class=\"font-icon-post fa fa-calendar\"><\/i>\n    <span class=\"span12\"><\/span>\n\n    <i class=\"font-icon-post fa fa-comment-o\"><\/i>\n    <span>2<\/span>\n<\/div>\t\t\t\t<\/div>\n\t\t\t<\/div>\n\t\t<\/div>\n\t\t<\/div>\n<div  class=\"blog-textcol\"> <a class=\"button blue\" data-attr-shortcode=\"href:one_page_express_blog_link\" href=\"https:\/\/pisotatil.casadaborracha.net.br\/index.php\/blog.html\" target=\"_self\" rel=\"noopener noreferrer\">confira todas as informa\u00e7\u00f5es<\/a> <\/div>\n<\/div>\n<\/div><div  id=\"faixa-azul\" data-label=\"Faixa azul\" data-id=\"cta-blue-section\" data-category=\"cta\" class=\"cta-blue-section\">\n<div  class=\"gridContainer\">\n<div  class=\"flexbox-list flexbox-list-align-center row\">\n<div  class=\"cta-blue-textcol dynamic-color\">\n<h2  class=\"cta-blue-text\"><b  class=\"element2\">Garanta o<\/b>&nbsp;sucesso do seu projeto<\/h2>\n<\/div>\n<div  class=\"cta-blue-btncol\"> <a class=\"button big yellow dark-text\" href=\"https:\/\/wa.me\/5547988772906?text=pisotatil.casadaborracha.net.br%20oi...\" target=\"_self\" rel=\"noopener noreferrer\"> consulte-nos antes <\/a> <\/div>\n<\/div>\n<\/div>\n<\/div><div  id=\"contato\" data-label=\"Contato\" data-id=\"contact-section\" data-category=\"contact\" data-bg=\"transparent\" class=\"contact-section-formsection white-text\">\n<div  class=\"gridContainer\">\n<div  class=\"row_224\">\n<div  class=\"contact-textrow\">\n<div  class=\"contact-textcol dynamic-color\">\n<h2  class=\"\">Fale conosco<\/h2>\n<p  class=\"white_text\">Em dias \u00fateis respondemos em at\u00e9 45 minutos<br >Voc\u00ea pode usar o chat ou ligar agora mesmo&nbsp;<\/p>\n<\/div>\n<\/div>\n<\/div>\n<div  class=\"contact-formcol\" data-content-shortcode=\"one_page_express_contact_form shortcode=&quot;contact-form-7 id=&amp;amp;quot;401&amp;amp;quot; title=&amp;amp;quot;Formul\u00e1rio de contato 1&amp;amp;quot;&quot;\" data-editable=\"true\">\n<div class=\"wpcf7 no-js\" id=\"wpcf7-f401-o1\" lang=\"pt-BR\" dir=\"ltr\" data-wpcf7-id=\"401\">\n<div class=\"screen-reader-response\"><p role=\"status\" aria-live=\"polite\" aria-atomic=\"true\"><\/p> <ul><\/ul><\/div>\n<form action=\"\/index.php\/wp-json\/wp\/v2\/pages\/12#wpcf7-f401-o1\" method=\"post\" class=\"wpcf7-form init\" aria-label=\"Formul\u00e1rios de contato\" novalidate=\"novalidate\" data-status=\"init\">\n<fieldset class=\"hidden-fields-container\"><input type=\"hidden\" name=\"_wpcf7\" value=\"401\" \/><input type=\"hidden\" name=\"_wpcf7_version\" value=\"6.1.5\" \/><input type=\"hidden\" name=\"_wpcf7_locale\" value=\"pt_BR\" \/><input type=\"hidden\" name=\"_wpcf7_unit_tag\" value=\"wpcf7-f401-o1\" \/><input type=\"hidden\" name=\"_wpcf7_container_post\" value=\"0\" \/><input type=\"hidden\" name=\"_wpcf7_posted_data_hash\" value=\"\" \/>\n<\/fieldset>\n<p><label> Seu nome completo<br \/>\n<span class=\"wpcf7-form-control-wrap\" data-name=\"your-name\"><input size=\"40\" maxlength=\"400\" class=\"wpcf7-form-control wpcf7-text wpcf7-validates-as-required\" aria-required=\"true\" aria-invalid=\"false\" value=\"\" type=\"text\" name=\"your-name\" \/><\/span> <\/label>\n<\/p>\n<p><label> Empresa (Opcional)<br \/>\n<span class=\"wpcf7-form-control-wrap\" data-name=\"empresa\"><input size=\"40\" maxlength=\"400\" class=\"wpcf7-form-control wpcf7-text\" aria-invalid=\"false\" value=\"\" type=\"text\" name=\"empresa\" \/><\/span> <\/label>\n<\/p>\n<p><label> Favor informar o seu perfil<br \/>\n<span class=\"wpcf7-form-control-wrap\" data-name=\"perfil\"><select class=\"wpcf7-form-control wpcf7-select wpcf7-validates-as-required\" aria-required=\"true\" aria-invalid=\"false\" name=\"perfil\"><option value=\"Selecione\">Selecione<\/option><option value=\"Consumidor final\">Consumidor final<\/option><option value=\"Ind\u00fastria\">Ind\u00fastria<\/option><option value=\"Varejista\">Varejista<\/option><option value=\"Revendedor\">Revendedor<\/option><option value=\"Distribuidor\">Distribuidor<\/option><option value=\"Fornecedor\">Fornecedor<\/option><\/select><\/span> <\/label>\n<\/p>\n<p><label> Seu fone com c\u00f3d de \u00e1rea<br \/>\n<span class=\"wpcf7-form-control-wrap\" data-name=\"fone\"><input size=\"40\" maxlength=\"400\" class=\"wpcf7-form-control wpcf7-tel wpcf7-validates-as-required wpcf7-text wpcf7-validates-as-tel\" aria-required=\"true\" aria-invalid=\"false\" value=\"DDD-N\u00famero\" type=\"tel\" name=\"fone\" \/><\/span> <\/label>\n<\/p>\n<p><label> Seu e-mail<br \/>\n<span class=\"wpcf7-form-control-wrap\" data-name=\"your-email\"><input size=\"40\" maxlength=\"400\" class=\"wpcf7-form-control wpcf7-email wpcf7-validates-as-required wpcf7-text wpcf7-validates-as-email\" aria-required=\"true\" aria-invalid=\"false\" value=\"\" type=\"email\" name=\"your-email\" \/><\/span> <\/label>\n<\/p>\n<p><label> Assunto<br \/>\n<span class=\"wpcf7-form-control-wrap\" data-name=\"your-subject\"><select class=\"wpcf7-form-control wpcf7-select wpcf7-validates-as-required\" aria-required=\"true\" aria-invalid=\"false\" name=\"your-subject\"><option value=\"Selecione\">Selecione<\/option><option value=\"Or\u00e7amento\">Or\u00e7amento<\/option><option value=\"Pedido urgente\">Pedido urgente<\/option><option value=\"Cadastro instalador\">Cadastro instalador<\/option><option value=\"Revendedor\">Revendedor<\/option><option value=\"Mais informa\u00e7\u00f5es\">Mais informa\u00e7\u00f5es<\/option><option value=\"Proposta fornecedor\">Proposta fornecedor<\/option><option value=\"Outros\">Outros<\/option><\/select><\/span> <\/label>\n<\/p>\n<p><label> Sua mensagem (opcional)<br \/>\n<span class=\"wpcf7-form-control-wrap\" data-name=\"your-message\"><textarea cols=\"40\" rows=\"10\" maxlength=\"2000\" class=\"wpcf7-form-control wpcf7-textarea\" aria-invalid=\"false\" name=\"your-message\"><\/textarea><\/span> <\/label>\n<\/p>\n<p><input class=\"wpcf7-form-control wpcf7-submit has-spinner\" type=\"submit\" value=\"Enviar\" \/>\n<\/p><div class=\"wpcf7-response-output\" aria-hidden=\"true\"><\/div>\n<\/form>\n<\/div>\n<\/div>\n<\/div>\n<\/div><div  data-label=\"Fale conosco\" data-id=\"content-full-right-image-section\" data-category=\"content\" class=\"content-full-right-image-section\" id=\"fale-conosco\" style=\"background-color: rgb(246, 246, 246);\"> <div  class=\"content-full-right-image-innerrow\"> <div  class=\"content-full-right-image-textcol dynamic-color\"> <div  data-type=\"column\" class=\"\"> <h5  class=\"\">FALE CONOSCO<\/h5> <h2  class=\"\">Loj\u00e3o de Borracha<\/h2> <p  class=\"\">Kno-how de mais de 40 anos, de Joinville SC para o Brasil. <br >Rua Da Francisca, 2295 \u2013 Sagua\u00e7u, Joinville \u2013 SC, 89221-007<br ><br >FONE: (47) 3027-2345<\/p> <\/div> <div  class=\"content-full-right-image-featuresrow\"> <div  class=\"content-full-right-image-featurescol\" data-type=\"column\"><p  class=\"\"><span  style=\"font-family: &quot;Source Sans Pro&quot;, sans-serif; font-size: 18px;\">Entre em contato nos seguintes hor\u00e1rios, aguardamos anciosamente seu contato.&nbsp;<\/span><br ><br ><span  style=\"font-family: &quot;Source Sans Pro&quot;, sans-serif; font-size: 18px;\">Seg\/Sex 08:00\/12:00 \u2013 13:30\/18:00<\/span><br ><span  style=\"font-family: &quot;Source Sans Pro&quot;, sans-serif; font-size: 18px;\">S\u00e1bados 08:00\/12:00<\/span><\/p>     <\/div> <div  class=\"content-full-right-image-featurescol\" data-type=\"column\"><img decoding=\"async\"  class=\"custom-image\" src=\"https:\/\/pisotatil.casadaborracha.net.br\/wp-content\/uploads\/2018\/07\/logo-lb-registrada-otm.png\">     <\/div> <\/div> <\/div> <div  data-bg=\"image\" class=\"content-full-right-image-imgcol\" style=\"background-image: url(&quot;https:\/\/pisotatil.casadaborracha.net.br\/wp-content\/uploads\/2018\/07\/foto-ilustrativa-equipe-lojaodaborracha.jpg&quot;);\"><\/div> <\/div><\/div>","protected":false},"excerpt":{"rendered":"<p>Fabrica\u00e7\u00e3o pr\u00f3pria Aqui voc\u00ea encontra grande estoque e uma equipe de consultores solid\u00e1rios para lhe atender em tempo e garantir o suscesso do seu projeto. Atende as normas De acordo com a norma ABNT NBR 9050:2004, as edifica\u00e7\u00f5es e os espa\u00e7os urbanos devem contar com sinaliza\u00e7\u00f5es t\u00e1teis no piso, sim atendemos. Alta qualidade Composto com&hellip; <br \/> <a class=\"button small blue\" href=\"https:\/\/pisotatil.casadaborracha.net.br\/index.php\/2018\/07\/18\/piso-tatil-podotatil-alerta-e-direcional-acessibilidade-tire-suas-duvidas-antes-de-comprar.html\">Leia mais<\/a><\/p>\n","protected":false},"author":1,"featured_media":0,"parent":0,"menu_order":0,"comment_status":"closed","ping_status":"closed","template":"","meta":{"footnotes":""},"class_list":["post-12","page","type-page","status-publish","hentry"],"_links":{"self":[{"href":"https:\/\/pisotatil.casadaborracha.net.br\/index.php\/wp-json\/wp\/v2\/pages\/12","targetHints":{"allow":["GET"]}}],"collection":[{"href":"https:\/\/pisotatil.casadaborracha.net.br\/index.php\/wp-json\/wp\/v2\/pages"}],"about":[{"href":"https:\/\/pisotatil.casadaborracha.net.br\/index.php\/wp-json\/wp\/v2\/types\/page"}],"author":[{"embeddable":true,"href":"https:\/\/pisotatil.casadaborracha.net.br\/index.php\/wp-json\/wp\/v2\/users\/1"}],"replies":[{"embeddable":true,"href":"https:\/\/pisotatil.casadaborracha.net.br\/index.php\/wp-json\/wp\/v2\/comments?post=12"}],"version-history":[{"count":71,"href":"https:\/\/pisotatil.casadaborracha.net.br\/index.php\/wp-json\/wp\/v2\/pages\/12\/revisions"}],"predecessor-version":[{"id":432,"href":"https:\/\/pisotatil.casadaborracha.net.br\/index.php\/wp-json\/wp\/v2\/pages\/12\/revisions\/432"}],"wp:attachment":[{"href":"https:\/\/pisotatil.casadaborracha.net.br\/index.php\/wp-json\/wp\/v2\/media?parent=12"}],"curies":[{"name":"wp","href":"https:\/\/api.w.org\/{rel}","templated":true}]}}